{"id":1905,"date":"2023-03-24T11:27:37","date_gmt":"2023-03-24T09:27:37","guid":{"rendered":"https:\/\/wp.panorama-iraklia.com\/%ce%b1%cf%81%cf%87%ce%b9%ce%ba%ce%ae\/"},"modified":"2023-07-24T12:44:16","modified_gmt":"2023-07-24T10:44:16","slug":"%ce%b1%cf%81%cf%87%ce%b9%ce%ba%ce%ae","status":"publish","type":"page","link":"https:\/\/panorama-iraklia.com\/it\/","title":{"rendered":"Iniziale"},"content":{"rendered":"<ul>\n<li>\n<p>        <img decoding=\"async\" src=\"\/wp-content\/uploads\/2023\/07\/banner-n1.webp\" alt=\"camere irakli\u00e0\"><\/p>\n<div>Garanzia del miglior prezzo<\/div>\n<p><a href=\"https:\/\/panoramairaklia.reserve-online.net\/\">Book Now<\/a><\/p>\n<\/li>\n<li>\n<p>        <img decoding=\"async\" src=\"\/wp-content\/uploads\/2023\/07\/banner-n2.webp\" alt=\"camere irakli\u00e0\"><\/p>\n<div>Villa Panorama, un&#8217;esperienza speciale!<\/div>\n<p><a href=\"\/it\/accommodation-villa-panorama\/\">Pi\u00f9<\/a><\/p>\n<\/li>\n<\/ul>\n<h2>Villa Panorama<\/h2>\n<h1>Camere Irakli\u00e0<\/h1>\n<h2>Villa Panorama<\/h2>\n<div>Villa Panorama si trova a Irakli\u00e0 Cicladi, a 18 miglia nautiche dal porto di Naxos. \u00c8 costruito su una collina che domina Schinoussa, Koufonissi, Amorgos, Keros, Donoussa e Naxos. Il nostro staff e l&#8217;atmosfera familiare dell&#8217;isola vi offriranno momenti di relax in un&#8217;isola tranquilla con un ritmo rilassato pronto per ogni tipo di esplorazione e intrattenimento alternativo. Le camere si trovano a 800 metri dalla spiaggia di Livadi che \u00e8 la spiaggia pi\u00f9 grande dell&#8217;isola ea solo 1 km dal porto.<\/div>\n<div>Le nostre strutture<\/div>\n<ul>\n<li>\n<p>        <img decoding=\"async\" src=\"\/wp-content\/uploads\/2023\/05\/wifi.png\" alt=\"camere irakli\u00e0\"><\/p>\n<div>Wi-Fi gratis<\/div>\n<\/li>\n<li>\n<p>        <img decoding=\"async\" src=\"\/wp-content\/uploads\/2023\/06\/pot.png\" alt=\"camere irakli\u00e0\"><\/p>\n<div>Cucina attrezzata<\/div>\n<\/li>\n<li>\n<p>        <img decoding=\"async\" src=\"\/wp-content\/uploads\/2023\/05\/air-condition.png\" alt=\"camere irakli\u00e0\"><\/p>\n<div>Air Condition<\/div>\n<\/li>\n<li>\n<p>        <img decoding=\"async\" src=\"\/wp-content\/uploads\/2023\/05\/tv.png\" alt=\"camere irakli\u00e0\"><\/p>\n<div>TV<\/div>\n<\/li>\n<\/ul>\n<p><img decoding=\"async\" src=\"\/wp-content\/uploads\/2023\/05\/panorma-home-6.jpg\" alt=\"camere irakli\u00e0\"><\/p>\n<div>Prenota al miglior prezzo Online!<\/div>\n<div>\n<p>Fai la tua prenotazione per la camera che desideri online e assicurati il \u200b\u200bmiglior prezzo possibile!<\/p>\n<\/div>\n<p>\n    <a href=\"https:\/\/panoramairaklia.reserve-online.net\/\">Prenotazione online<\/a>\n<\/p>\n<div>\n<div>Posizione<\/div>\n<div>\n<p>Villa Panorama si trova a 1 km dal porto di Agios Georgios ea 800 metri dalla spiaggia di Livadi. \u00c8 costruito su una collina che domina Schinoussa, Koufonissi, Amorgos, Keros, Donoussa e Naxos.<\/p>\n<\/div>\n<\/div>\n<h3>Camere<\/h3>\n<div>Scopri le nostre camere e scegli quella ideale in base alle tue esigenze!<\/div>\n<div>\n<\/div>\n<ul>\n<li>\n        <a href=\"https:\/\/panoramairaklia.reserve-online.net\/\">Prenotazione online<\/a>\n    <\/li>\n<li>\n        <a href=\"\/it\/reservation\/\">Forma di interesse<\/a>\n    <\/li>\n<\/ul>\n<p><!--more--><br \/>\n<!-- {\"type\":\"layout\",\"children\":[{\"type\":\"section\",\"props\":{\"image_position\":\"center-center\",\"padding_remove_bottom\":false,\"padding_remove_top\":true,\"style\":\"default\",\"title_breakpoint\":\"xl\",\"title_position\":\"top-left\",\"title_rotation\":\"left\",\"vertical_align\":\"middle\",\"width\":\"\"},\"children\":[{\"type\":\"row\",\"children\":[{\"type\":\"column\",\"props\":{\"image_position\":\"center-center\",\"position_sticky_breakpoint\":\"m\"},\"children\":[{\"name\":\"Slideshow Content Left Dotnav\",\"type\":\"slideshow\",\"children\":[{\"type\":\"slideshow_item\",\"props\":{\"content\":\"\",\"image\":\"wp-content\\\/uploads\\\/2023\\\/07\\\/banner-n1.webp\",\"image_alt\":\"camere irakli\\u00e0\",\"link\":\"https:\\\/\\\/panoramairaklia.reserve-online.net\\\/\",\"link_text\":\"Book Now\",\"meta\":\"\",\"title\":\"Garanzia del miglior prezzo\"}},{\"type\":\"slideshow_item\",\"props\":{\"content\":\"\",\"image\":\"wp-content\\\/uploads\\\/2023\\\/07\\\/banner-n2.webp\",\"image_alt\":\"camere irakli\\u00e0\",\"link\":\"\\\/it\\\/accommodation-villa-panorama\\\/\",\"meta\":\"\",\"title\":\"Villa Panorama, un'esperienza speciale!\"}}],\"props\":{\"image_width\":\"1600\",\"link_margin\":\"medium\",\"link_style\":\"default\",\"link_text\":\"Pi\\u00f9\",\"margin\":\"default\",\"meta_align\":\"above-title\",\"meta_element\":\"div\",\"meta_style\":\"text-meta\",\"nav\":\"dotnav\",\"nav_align\":\"center\",\"nav_below\":false,\"nav_breakpoint\":\"\",\"nav_position\":\"bottom-center\",\"nav_position_margin\":\"large\",\"overlay_animation\":\"parallax\",\"overlay_margin\":\"large\",\"overlay_position\":\"center-left\",\"overlay_width\":\"large\",\"show_content\":true,\"show_link\":true,\"show_meta\":true,\"show_thumbnail\":true,\"show_title\":true,\"slidenav\":\"\",\"slidenav_breakpoint\":\"s\",\"slidenav_hover\":false,\"slidenav_margin\":\"medium\",\"slidenav_outside_breakpoint\":\"xl\",\"slideshow_animation\":\"fade\",\"slideshow_autoplay_pause\":true,\"slideshow_box_shadow\":\"small\",\"slideshow_height\":\"full\",\"slideshow_min_height\":\"550\",\"slideshow_ratio\":\"16:9\",\"text_color\":\"light\",\"thumbnav_height\":\"75\",\"thumbnav_svg_color\":\"emphasis\",\"thumbnav_width\":\"100\",\"title_element\":\"div\",\"title_style\":\"heading-small\"}}]}]}],\"name\":\"Slider\"},{\"type\":\"section\",\"props\":{\"image_effect\":\"parallax\",\"image_parallax_bgy\":\"-20vh,-80vh\",\"image_parallax_breakpoint\":\"s\",\"image_parallax_easing\":\"1\",\"image_position\":\"top-right\",\"media_visibility\":\"s\",\"padding_remove_bottom\":false,\"padding_remove_top\":true,\"style\":\"default\",\"title_breakpoint\":\"xl\",\"title_position\":\"center-left\",\"title_rotation\":\"left\",\"vertical_align\":\"middle\",\"width\":\"large\"},\"children\":[{\"type\":\"row\",\"props\":{\"margin_remove_top\":false},\"children\":[{\"type\":\"column\",\"props\":{\"image_position\":\"center-center\",\"position_sticky_breakpoint\":\"m\",\"width_medium\":\"1-1\"},\"children\":[{\"type\":\"headline\",\"props\":{\"content\":\"Villa Panorama\",\"margin\":\"small\",\"margin_remove_bottom\":true,\"margin_remove_top\":false,\"text_align\":\"center\",\"title_color\":\"primary\",\"title_element\":\"h2\",\"title_style\":\"heading-small\"}},{\"type\":\"headline\",\"props\":{\"content\":\"Camere Irakli\\u00e0\",\"margin\":\"small\",\"margin_remove_bottom\":false,\"margin_remove_top\":true,\"text_align\":\"center\",\"title_color\":\"secondary\",\"title_element\":\"h1\",\"title_style\":\"h2\"}}]}]},{\"type\":\"row\",\"props\":{\"layout\":\"1-2,1-2\"},\"children\":[{\"type\":\"column\",\"props\":{\"image_position\":\"center-center\",\"position_sticky_breakpoint\":\"m\",\"preserve_color\":true,\"style\":\"tile-secondary\",\"width_medium\":\"1-2\"},\"children\":[{\"type\":\"headline\",\"props\":{\"content\":\"Villa Panorama\",\"margin\":\"small\",\"margin_remove_bottom\":true,\"margin_remove_top\":false,\"title_color\":\"primary\",\"title_element\":\"h2\",\"title_style\":\"heading-small\"}},{\"type\":\"text\",\"props\":{\"column_breakpoint\":\"m\",\"content\":\"Villa Panorama si trova a Irakli\\u00e0 Cicladi, a 18 miglia nautiche dal porto di Naxos. \\u00c8 costruito su una collina che domina Schinoussa, Koufonissi, Amorgos, Keros, Donoussa e Naxos. Il nostro staff e l'atmosfera familiare dell'isola vi offriranno momenti di relax in un'isola tranquilla con un ritmo rilassato pronto per ogni tipo di esplorazione e intrattenimento alternativo. Le camere si trovano a 800 metri dalla spiaggia di Livadi che \\u00e8 la spiaggia pi\\u00f9 grande dell'isola ea solo 1 km dal porto.\",\"margin\":\"default\"}}]},{\"type\":\"column\",\"props\":{\"image\":\"wp-content\\\/uploads\\\/2023\\\/05\\\/panorma-home-7.jpg\",\"image_position\":\"center-center\",\"image_size\":\"cover\",\"position_sticky_breakpoint\":\"m\",\"width_medium\":\"1-2\"}}]}],\"name\":\"Services\"},{\"type\":\"section\",\"props\":{\"animation\":\"fade\",\"css\":\".el-section {background-color:#222021;}\",\"image_position\":\"center-center\",\"media_overlay\":\"rgba(0, 0, 0, 0.17)\",\"style\":\"muted\",\"title_breakpoint\":\"xl\",\"title_position\":\"top-left\",\"title_rotation\":\"left\",\"vertical_align\":\"middle\",\"width\":\"\"},\"children\":[{\"type\":\"row\",\"children\":[{\"type\":\"column\",\"props\":{\"image_position\":\"center-center\",\"position_sticky_breakpoint\":\"m\",\"text_color\":\"light\"},\"children\":[{\"type\":\"headline\",\"props\":{\"content\":\"Le nostre strutture\",\"margin\":\"medium\",\"margin_remove_top\":false,\"text_align\":\"center\",\"title_element\":\"div\",\"title_style\":\"heading-small\"}},{\"type\":\"grid\",\"props\":{\"animation\":\"scale-up\",\"block_align\":\"center\",\"content_column_breakpoint\":\"m\",\"css\":\".el-item {border-radius: 0%;}\",\"filter_align\":\"left\",\"filter_all\":true,\"filter_grid_breakpoint\":\"m\",\"filter_grid_width\":\"auto\",\"filter_position\":\"top\",\"filter_style\":\"tab\",\"grid_default\":\"1\",\"grid_medium\":\"4\",\"grid_row_gap\":\"small\",\"icon_color\":\"danger\",\"icon_width\":80,\"image_align\":\"top\",\"image_grid_breakpoint\":\"m\",\"image_grid_width\":\"1-2\",\"image_height\":\"110\",\"image_svg_color\":\"emphasis\",\"item_animation\":true,\"link_style\":\"default\",\"link_text\":\"Read more\",\"margin\":\"default\",\"meta_align\":\"below-title\",\"meta_element\":\"div\",\"meta_style\":\"text-meta\",\"panel_link\":false,\"panel_padding\":\"small\",\"show_content\":true,\"show_image\":true,\"show_link\":true,\"show_meta\":true,\"show_title\":true,\"text_align\":\"center\",\"title_align\":\"top\",\"title_element\":\"div\",\"title_grid_breakpoint\":\"m\",\"title_grid_width\":\"1-2\",\"title_hover_style\":\"reset\",\"title_style\":\"h4\"},\"children\":[{\"type\":\"grid_item\",\"props\":{\"image\":\"wp-content\\\/uploads\\\/2023\\\/05\\\/wifi.png\",\"image_alt\":\"camere irakli\\u00e0\",\"title\":\"Wi-Fi gratis\"}},{\"type\":\"grid_item\",\"props\":{\"image\":\"wp-content\\\/uploads\\\/2023\\\/06\\\/pot.png\",\"image_alt\":\"camere irakli\\u00e0\",\"title\":\"Cucina attrezzata\"}},{\"type\":\"grid_item\",\"props\":{\"image\":\"wp-content\\\/uploads\\\/2023\\\/05\\\/air-condition.png\",\"image_alt\":\"camere irakli\\u00e0\",\"title\":\"Air Condition\"}},{\"type\":\"grid_item\",\"props\":{\"image\":\"wp-content\\\/uploads\\\/2023\\\/05\\\/tv.png\",\"image_alt\":\"camere irakli\\u00e0\",\"title\":\"TV\"}}]}]}],\"props\":{\"width\":\"xlarge\"}}],\"name\":\"Facilities\"},{\"type\":\"section\",\"props\":{\"image_position\":\"center-center\",\"padding\":\"large\",\"style\":\"default\",\"title_breakpoint\":\"xl\",\"title_position\":\"top-left\",\"title_rotation\":\"left\",\"vertical_align\":\"middle\",\"width\":\"large\"},\"children\":[{\"type\":\"row\",\"props\":{\"layout\":\"1-2,1-2\"},\"children\":[{\"type\":\"column\",\"props\":{\"image_position\":\"center-center\",\"position_sticky_breakpoint\":\"m\",\"width_medium\":\"1-2\"},\"children\":[{\"name\":\"Image Box Shadow Large\",\"type\":\"image\",\"props\":{\"image\":\"wp-content\\\/uploads\\\/2023\\\/05\\\/panorma-home-6.jpg\",\"image_alt\":\"camere irakli\\u00e0\",\"image_box_shadow\":\"large\",\"image_svg_color\":\"emphasis\",\"image_width\":\"1600\",\"margin\":\"\"}}]},{\"type\":\"column\",\"props\":{\"image_position\":\"center-center\",\"position_sticky_breakpoint\":\"m\",\"vertical_align\":\"middle\",\"width_medium\":\"1-2\"},\"children\":[{\"type\":\"headline\",\"props\":{\"content\":\"Prenota al miglior prezzo Online!\",\"margin\":\"small\",\"margin_remove_bottom\":true,\"margin_remove_top\":false,\"title_color\":\"primary\",\"title_element\":\"div\",\"title_style\":\"h2\"}},{\"type\":\"text\",\"props\":{\"column_breakpoint\":\"m\",\"content\":\"\n\n<p>Fai la tua prenotazione per la camera che desideri online e assicurati il \\u200b\\u200bmiglior prezzo possibile!<\\\/p>\",\"margin\":\"default\"}},{\"type\":\"button\",\"props\":{\"grid_column_gap\":\"small\",\"grid_row_gap\":\"small\",\"margin\":\"default\"},\"children\":[{\"type\":\"button_item\",\"props\":{\"button_style\":\"secondary\",\"content\":\"Prenotazione online\",\"icon\":\"file-edit\",\"icon_align\":\"left\",\"link\":\"https:\\\/\\\/panoramairaklia.reserve-online.net\\\/\",\"link_target\":\"blank\"}}]}]}]}],\"name\":\"Book\"},{\"type\":\"section\",\"props\":{\"animation\":\"fade\",\"image\":\"wp-content\\\/uploads\\\/2023\\\/05\\\/panorma-home-3.jpg\",\"image_effect\":\"parallax\",\"image_parallax_bgx\":\"0 48%\",\"image_parallax_bgy\":\"600 84%\",\"image_parallax_easing\":\"1.2\",\"image_position\":\"center-center\",\"padding\":\"xlarge\",\"style\":\"default\",\"title_breakpoint\":\"xl\",\"title_position\":\"top-left\",\"title_rotation\":\"left\",\"vertical_align\":\"middle\",\"width\":\"default\"},\"children\":[{\"type\":\"row\",\"children\":[{\"type\":\"column\",\"props\":{\"image_position\":\"center-center\",\"position_sticky_breakpoint\":\"m\"},\"children\":[{\"type\":\"panel\",\"props\":{\"content\":\"\n\n<p>Villa Panorama si trova a 1 km dal porto di Agios Georgios ea 800 metri dalla spiaggia di Livadi. \\u00c8 costruito su una collina che domina Schinoussa, Koufonissi, Amorgos, Keros, Donoussa e Naxos.<\\\/p>\",\"content_column_breakpoint\":\"m\",\"icon_width\":80,\"image_align\":\"top\",\"image_grid_breakpoint\":\"m\",\"image_grid_width\":\"1-2\",\"image_svg_color\":\"emphasis\",\"link_style\":\"default\",\"link_text\":\"\",\"margin\":\"default\",\"maxwidth\":\"xlarge\",\"meta_align\":\"below-title\",\"meta_element\":\"div\",\"meta_style\":\"text-meta\",\"panel_padding\":\"default\",\"panel_style\":\"card-default\",\"text_align\":\"left\",\"title\":\"Posizione\",\"title_align\":\"top\",\"title_color\":\"primary\",\"title_element\":\"div\",\"title_grid_breakpoint\":\"m\",\"title_grid_width\":\"1-2\",\"title_hover_style\":\"reset\",\"title_style\":\"h1\"}}]}]}],\"name\":\"location\"},{\"type\":\"section\",\"props\":{\"animation\":\"fade\",\"image_position\":\"center-center\",\"style\":\"default\",\"title_breakpoint\":\"xl\",\"title_position\":\"top-left\",\"title_rotation\":\"left\",\"vertical_align\":\"middle\",\"width\":\"large\"},\"children\":[{\"type\":\"row\",\"children\":[{\"type\":\"column\",\"props\":{\"image_position\":\"center-center\",\"position_sticky_breakpoint\":\"m\"},\"children\":[{\"type\":\"headline\",\"props\":{\"content\":\"Camere\",\"margin\":\"small\",\"margin_remove_bottom\":true,\"margin_remove_top\":false,\"text_align\":\"center\",\"title_color\":\"primary\",\"title_element\":\"h3\",\"title_style\":\"heading-small\"}},{\"type\":\"headline\",\"props\":{\"content\":\"Scopri le nostre camere e scegli quella ideale in base alle tue esigenze!\",\"margin\":\"small\",\"margin_remove_bottom\":false,\"margin_remove_top\":true,\"text_align\":\"center\",\"title_color\":\"emphasis\",\"title_element\":\"div\",\"title_style\":\"h4\"}},{\"type\":\"grid\",\"props\":{\"animation\":\"slide-left-medium\",\"content_column_breakpoint\":\"m\",\"content_margin\":\"small\",\"filter\":true,\"filter_align\":\"center\",\"filter_all\":true,\"filter_all_label\":\"Tutte\",\"filter_grid_breakpoint\":\"m\",\"filter_grid_width\":\"auto\",\"filter_position\":\"top\",\"filter_style\":\"tab\",\"grid_default\":\"1\",\"grid_divider\":false,\"grid_medium\":\"3\",\"icon_width\":80,\"image_align\":\"top\",\"image_grid_breakpoint\":\"m\",\"image_grid_width\":\"1-2\",\"image_loading\":true,\"image_svg_color\":\"emphasis\",\"image_transition\":\"scale-up\",\"item_animation\":true,\"link_style\":\"secondary\",\"link_text\":\"\",\"margin\":\"default\",\"meta_align\":\"below-title\",\"meta_element\":\"div\",\"meta_margin\":\"small\",\"meta_style\":\"text-meta\",\"panel_image_no_padding\":true,\"panel_link\":true,\"panel_padding\":\"small\",\"panel_style\":\"card-default\",\"show_content\":true,\"show_image\":true,\"show_link\":true,\"show_meta\":true,\"show_title\":true,\"text_align\":\"center\",\"title_align\":\"top\",\"title_element\":\"h3\",\"title_grid_breakpoint\":\"m\",\"title_grid_width\":\"1-2\",\"title_hover_style\":\"reset\",\"title_margin\":\"small\"},\"children\":[{\"type\":\"grid_item\",\"source\":{\"query\":{\"name\":\"posts.customPosts\",\"arguments\":{\"terms\":[3],\"category_operator\":\"IN\",\"post_tag_operator\":\"IN\",\"users\":[],\"users_operator\":\"IN\",\"offset\":0,\"limit\":10,\"order\":\"date\",\"order_direction\":\"DESC\"}},\"props\":{\"title\":{\"filters\":{\"search\":\"\"},\"name\":\"title\"},\"image\":{\"filters\":{\"search\":\"\"},\"name\":\"featuredImage.url\"},\"link\":{\"filters\":{\"search\":\"\"},\"name\":\"link\"},\"tags\":{\"filters\":{\"search\":\"\"},\"arguments\":{\"separator\":\", \",\"show_link\":true,\"link_style\":\"\"},\"name\":\"post_tagString\"},\"meta\":{\"filters\":{\"search\":\"\"},\"arguments\":{\"separator\":\", \",\"show_link\":true,\"link_style\":\"\"},\"name\":\"post_tagString\"},\"image_alt\":{\"filters\":{\"search\":\"\"},\"name\":\"featuredImage.alt\"}}}}]},{\"type\":\"button\",\"props\":{\"button_size\":\"large\",\"grid_column_gap\":\"small\",\"grid_row_gap\":\"small\",\"margin\":\"large\",\"text_align\":\"center\"},\"children\":[{\"type\":\"button_item\",\"props\":{\"button_style\":\"primary\",\"content\":\"Prenotazione online\",\"icon_align\":\"left\",\"link\":\"https:\\\/\\\/panoramairaklia.reserve-online.net\\\/\",\"link_target\":\"blank\"}},{\"type\":\"button_item\",\"props\":{\"button_style\":\"default\",\"content\":\"Forma di interesse\",\"icon_align\":\"left\",\"link\":\"\\\/it\\\/reservation\\\/\"}}]}]}]}]}],\"version\":\"4.0.7\"} --><\/p>\n","protected":false},"excerpt":{"rendered":"<p>Garanzia del miglior prezzo Book Now Villa Panorama, un&#8217;esperienza speciale! Pi\u00f9 Villa Panorama Camere Irakli\u00e0 Villa Panorama Villa Panorama si trova a Irakli\u00e0 Cicladi, a 18 miglia nautiche dal porto di Naxos. \u00c8 costruito su una collina che domina Schinoussa, Koufonissi, Amorgos, Keros, Donoussa e Naxos. Il nostro staff e l&#8217;atmosfera familiare dell&#8217;isola vi offriranno [&hellip;]<\/p>\n","protected":false},"author":1,"featured_media":0,"parent":0,"menu_order":0,"comment_status":"closed","ping_status":"closed","template":"","meta":{"footnotes":""},"class_list":["post-1905","page","type-page","status-publish","hentry"],"aioseo_notices":[],"_links":{"self":[{"href":"https:\/\/panorama-iraklia.com\/it\/wp-json\/wp\/v2\/pages\/1905","targetHints":{"allow":["GET"]}}],"collection":[{"href":"https:\/\/panorama-iraklia.com\/it\/wp-json\/wp\/v2\/pages"}],"about":[{"href":"https:\/\/panorama-iraklia.com\/it\/wp-json\/wp\/v2\/types\/page"}],"author":[{"embeddable":true,"href":"https:\/\/panorama-iraklia.com\/it\/wp-json\/wp\/v2\/users\/1"}],"replies":[{"embeddable":true,"href":"https:\/\/panorama-iraklia.com\/it\/wp-json\/wp\/v2\/comments?post=1905"}],"version-history":[{"count":0,"href":"https:\/\/panorama-iraklia.com\/it\/wp-json\/wp\/v2\/pages\/1905\/revisions"}],"wp:attachment":[{"href":"https:\/\/panorama-iraklia.com\/it\/wp-json\/wp\/v2\/media?parent=1905"}],"curies":[{"name":"wp","href":"https:\/\/api.w.org\/{rel}","templated":true}]}}