{"id":1937,"date":"2023-03-24T15:43:15","date_gmt":"2023-03-24T13:43:15","guid":{"rendered":"https:\/\/wp.panorama-iraklia.com\/%ce%b4%cf%81%ce%bf%ce%bc%ce%bf%ce%bb%cf%8c%ce%b3%ce%b9%ce%b1-%cf%80%ce%bb%ce%bf%ce%af%cf%89%ce%bd\/"},"modified":"2025-07-17T14:44:21","modified_gmt":"2025-07-17T12:44:21","slug":"schedules-irakleia","status":"publish","type":"page","link":"https:\/\/panorama-iraklia.com\/it\/schedules-irakleia\/","title":{"rendered":"\u039davi per Irakli\u00e0"},"content":{"rendered":"<div>\n<p>    <img decoding=\"async\" src=\"\/wp-content\/uploads\/2025\/07\/ferries-iraklia.webp\" alt=\"camere irakli\u00e0\"><\/p>\n<\/div>\n<h1>\u039davi per Irakli\u00e0<\/h1>\n<div>\n<p>Informazioni utili sulle rotte dei traghetti per l&#8217;isola di Irakli\u00e0.<\/p>\n<\/div>\n<h2>Informazioni sul traghetto per Irakli\u00e0<\/h2>\n<h3>Collegamento con Irakli\u00e0<\/h3>\n<ul>\n<li>\n<div>\n<p>Da Pireo: BLUE STAR FERRIES 3 volte a settimana<\/p>\n<\/div>\n<\/li>\n<li>\n<div>\n<p>Da Naxos: EXPRESS SKOPELITIS ogni giorno eccetto Domenica<\/p>\n<\/div>\n<\/li>\n<li>\n<div>\n<p>Collegamento da Irakli\u00e0 con altre isole: Donoussa, Amorgos, Koufonissia, Keros, Schinoussa, Naxos, Paros, Syros<\/p>\n<\/div>\n<\/li>\n<\/ul>\n<div>Maggiori informazioni<\/div>\n<ul>\n<li>\n<div>\n<p>Per le migliori informazioni puoi contattare direttamente l&#8217;agenzia di viaggi di Irakli\u00e0, &#8220;To Aigaio&#8221; per telefono +30 22850 715 61.<\/p>\n<\/div>\n<\/li>\n<li>\n<div>\n<p>Puoi anche contattare l&#8217;agenzia di viaggi Zas Travel a Naxos per ulteriori informazioni e biglietti.\u00a0<strong>Telefono<\/strong>: +30 22850 233 30\/1\u00a0<strong>Website<\/strong>: <a href=\"https:\/\/zasferries.com\/\" target=\"_blank\" rel=\"noopener\">zasferries.com<\/a><\/p>\n<\/div>\n<\/li>\n<li>\n<div>Visita il sito web di Blue Star Ferries: <a href=\"https:\/\/www.bluestarferries.com\/\" target=\"_blank\" rel=\"noopener\">bluestarferries.com<\/a><\/div>\n<\/li>\n<\/ul>\n<p><p>\n        <a href=\"https:\/\/zasferries.com\/\">R\u00e9servez votre billet en ligne<\/a>\n    <\/p>\n<\/p>\n<p><!--more--><br \/>\n<!-- {\"type\":\"layout\",\"children\":[{\"name\":\"Image\",\"type\":\"section\",\"props\":{\"height\":\"viewport\",\"height_offset_top\":true,\"height_viewport\":80,\"image_position\":\"center-center\",\"image_size\":\"cover\",\"padding\":\"none\",\"padding_remove_top\":true,\"style\":\"default\",\"title_breakpoint\":\"xl\",\"title_position\":\"top-left\",\"title_rotation\":\"left\",\"vertical_align\":\"middle\",\"width\":\"\"},\"children\":[{\"type\":\"row\",\"children\":[{\"type\":\"column\",\"props\":{\"image_position\":\"center-center\",\"position_sticky_breakpoint\":\"m\",\"width_medium\":\"1-1\"},\"children\":[{\"type\":\"slideshow\",\"props\":{\"link_style\":\"default\",\"link_text\":\"Read more\",\"margin\":\"default\",\"meta_align\":\"below-title\",\"meta_element\":\"div\",\"meta_style\":\"text-meta\",\"nav\":\"dotnav\",\"nav_align\":\"center\",\"nav_breakpoint\":\"s\",\"nav_position\":\"bottom-center\",\"nav_position_margin\":\"medium\",\"overlay_animation\":\"parallax\",\"overlay_position\":\"center-left\",\"show_content\":true,\"show_link\":true,\"show_meta\":true,\"show_thumbnail\":true,\"show_title\":true,\"slidenav\":\"default\",\"slidenav_breakpoint\":\"s\",\"slidenav_margin\":\"medium\",\"slidenav_outside_breakpoint\":\"xl\",\"slideshow_autoplay_pause\":true,\"slideshow_height\":\"viewport\",\"slideshow_height_viewport\":80,\"slideshow_min_height\":300,\"thumbnav_height\":\"75\",\"thumbnav_svg_color\":\"emphasis\",\"thumbnav_width\":\"100\",\"title_element\":\"h3\",\"title_hover_style\":\"reset\"},\"children\":[{\"type\":\"slideshow_item\",\"props\":{\"image\":\"wp-content\\\/uploads\\\/2025\\\/07\\\/ferries-iraklia.webp\",\"image_alt\":\"camere irakli\\u00e0\"}}]}]}]}]},{\"type\":\"section\",\"props\":{\"animation\":\"scale-up\",\"animation_delay\":\"240\",\"image_position\":\"center-center\",\"style\":\"muted\",\"title_breakpoint\":\"xl\",\"title_position\":\"top-left\",\"title_rotation\":\"left\",\"vertical_align\":\"\",\"width\":\"default\"},\"children\":[{\"type\":\"row\",\"children\":[{\"type\":\"column\",\"props\":{\"image_position\":\"center-center\",\"position_sticky_breakpoint\":\"m\"},\"children\":[{\"type\":\"headline\",\"props\":{\"content\":\"\\u039davi per Irakli\\u00e0\",\"text_align\":\"center\",\"title_element\":\"h1\"}},{\"type\":\"text\",\"props\":{\"column_breakpoint\":\"m\",\"content\":\"\n\n<p>Informazioni utili sulle rotte dei traghetti per l'isola di Irakli\\u00e0.<\\\/p>\",\"margin\":\"default\",\"text_align\":\"center\",\"text_style\":\"large\"}}]}]}]},{\"name\":\"Paralies\",\"type\":\"section\",\"props\":{\"animation\":\"scale-up\",\"animation_delay\":\"240\",\"image_position\":\"center-center\",\"image_size\":\"cover\",\"padding\":\"small\",\"padding_remove_top\":false,\"style\":\"primary\",\"title_breakpoint\":\"xl\",\"title_position\":\"top-left\",\"title_rotation\":\"left\",\"vertical_align\":\"\",\"width\":\"default\"},\"children\":[{\"type\":\"row\",\"children\":[{\"type\":\"column\",\"props\":{\"image_position\":\"center-center\",\"position_sticky_breakpoint\":\"m\"},\"children\":[{\"type\":\"headline\",\"props\":{\"content\":\"Informazioni sul traghetto per Irakli\\u00e0\",\"text_align\":\"center\",\"title_decoration\":\"line\",\"title_element\":\"h2\",\"title_style\":\"h2\"}}]}]},{\"type\":\"row\",\"props\":{\"column_gap\":\"large\",\"layout\":\"1-2,1-2\",\"row_gap\":\"large\"},\"children\":[{\"type\":\"column\",\"props\":{\"image_position\":\"center-center\",\"position_sticky_breakpoint\":\"m\",\"width_medium\":\"1-2\"},\"children\":[{\"type\":\"headline\",\"props\":{\"content\":\"Collegamento con Irakli\\u00e0\",\"title_element\":\"h3\",\"title_style\":\"h4\"}},{\"type\":\"list\",\"props\":{\"column_breakpoint\":\"m\",\"icon\":\"lifesaver\",\"icon_color\":\"primary\",\"image_align\":\"left\",\"image_svg_color\":\"emphasis\",\"image_vertical_align\":true,\"list_element\":\"ul\",\"list_horizontal_separator\":\", \",\"list_size\":\"large\",\"list_style\":\"divider\",\"list_type\":\"vertical\",\"show_image\":true,\"show_link\":true},\"children\":[{\"type\":\"list_item\",\"props\":{\"content\":\"\n\n<p>Da Pireo: SEAJETS - Tratte giornaliere dei traghetti<\\\/p>\",\"status\":\"disabled\"}},{\"type\":\"list_item\",\"props\":{\"content\":\"\n\n<p>Da Pireo: BLUE STAR FERRIES 3 volte a settimana<\\\/p>\"}},{\"type\":\"list_item\",\"props\":{\"content\":\"\n\n<p>Da Naxos: EXPRESS SKOPELITIS ogni giorno eccetto Domenica<\\\/p>\"}},{\"type\":\"list_item\",\"props\":{\"content\":\"\n\n<p>Collegamento da Irakli\\u00e0 con altre isole: Donoussa, Amorgos, Koufonissia, Keros, Schinoussa, Naxos, Paros, Syros<\\\/p>\"}}]}]},{\"type\":\"column\",\"props\":{\"image_position\":\"center-center\",\"position_sticky_breakpoint\":\"m\",\"width_medium\":\"1-2\"},\"children\":[{\"type\":\"headline\",\"props\":{\"content\":\"Maggiori informazioni\",\"title_element\":\"div\",\"title_style\":\"h4\"}},{\"type\":\"list\",\"props\":{\"column_breakpoint\":\"m\",\"icon\":\"info\",\"icon_color\":\"primary\",\"image_align\":\"left\",\"image_svg_color\":\"emphasis\",\"image_vertical_align\":true,\"list_element\":\"ul\",\"list_horizontal_separator\":\", \",\"list_size\":\"large\",\"list_style\":\"divider\",\"list_type\":\"vertical\",\"show_image\":true,\"show_link\":true},\"children\":[{\"type\":\"list_item\",\"props\":{\"content\":\"\n\n<p>Per le migliori informazioni puoi contattare direttamente l'agenzia di viaggi di Irakli\\u00e0, \\\"To Aigaio\\\" per telefono +30 22850 715 61.<\\\/p>\"}},{\"type\":\"list_item\",\"props\":{\"content\":\"\n\n<p>Puoi anche contattare l'agenzia di viaggi Zas Travel a Naxos per ulteriori informazioni e biglietti.\\u00a0<strong>Telefono<\\\/strong>: +30 22850 233 30\\\/1\\u00a0<strong>Website<\\\/strong>: <a href=\\\"https:\\\/\\\/zasferries.com\\\/\\\" target=\\\"_blank\\\" rel=\\\"noopener\\\">zasferries.com<\\\/a><\\\/p>\"}},{\"type\":\"list_item\",\"props\":{\"content\":\"Visita il sito web di Blue Star Ferries: <a href=\\\"https:\\\/\\\/www.bluestarferries.com\\\/\\\" target=\\\"_blank\\\" rel=\\\"noopener\\\">bluestarferries.com<\\\/a>\"}}]}]}]},{\"type\":\"row\",\"children\":[{\"type\":\"column\",\"props\":{\"image_position\":\"center-center\",\"position_sticky_breakpoint\":\"m\"},\"children\":[{\"type\":\"button\",\"props\":{\"grid_column_gap\":\"small\",\"grid_row_gap\":\"small\",\"margin\":\"default\",\"text_align\":\"center\"},\"children\":[{\"type\":\"button_item\",\"props\":{\"button_style\":\"default\",\"content\":\"R\\u00e9servez votre billet en ligne\",\"dialog_layout\":\"modal\",\"dialog_offcanvas_flip\":true,\"icon_align\":\"left\",\"link\":\"https:\\\/\\\/zasferries.com\\\/\",\"link_target\":\"blank\"}}]}]}]}]},{\"type\":\"section\",\"props\":{\"image_position\":\"center-center\",\"style\":\"default\",\"title_breakpoint\":\"xl\",\"title_position\":\"top-left\",\"title_rotation\":\"left\",\"vertical_align\":\"\",\"width\":\"default\"},\"children\":[{\"type\":\"row\",\"children\":[{\"type\":\"column\",\"props\":{\"image_position\":\"center-center\",\"position_sticky_breakpoint\":\"m\"}}]}]}],\"version\":\"4.5.19\"} --><\/p>\n","protected":false},"excerpt":{"rendered":"<p>\u039davi per Irakli\u00e0 Informazioni utili sulle rotte dei traghetti per l&#8217;isola di Irakli\u00e0. Informazioni sul traghetto per Irakli\u00e0 Collegamento con Irakli\u00e0 Da Pireo: BLUE STAR FERRIES 3 volte a settimana Da Naxos: EXPRESS SKOPELITIS ogni giorno eccetto Domenica Collegamento da Irakli\u00e0 con altre isole: Donoussa, Amorgos, Koufonissia, Keros, Schinoussa, Naxos, Paros, Syros Maggiori informazioni Per [&hellip;]<\/p>\n","protected":false},"author":1,"featured_media":0,"parent":0,"menu_order":0,"comment_status":"closed","ping_status":"closed","template":"","meta":{"footnotes":""},"class_list":["post-1937","page","type-page","status-publish","hentry"],"aioseo_notices":[],"_links":{"self":[{"href":"https:\/\/panorama-iraklia.com\/it\/wp-json\/wp\/v2\/pages\/1937","targetHints":{"allow":["GET"]}}],"collection":[{"href":"https:\/\/panorama-iraklia.com\/it\/wp-json\/wp\/v2\/pages"}],"about":[{"href":"https:\/\/panorama-iraklia.com\/it\/wp-json\/wp\/v2\/types\/page"}],"author":[{"embeddable":true,"href":"https:\/\/panorama-iraklia.com\/it\/wp-json\/wp\/v2\/users\/1"}],"replies":[{"embeddable":true,"href":"https:\/\/panorama-iraklia.com\/it\/wp-json\/wp\/v2\/comments?post=1937"}],"version-history":[{"count":8,"href":"https:\/\/panorama-iraklia.com\/it\/wp-json\/wp\/v2\/pages\/1937\/revisions"}],"predecessor-version":[{"id":2631,"href":"https:\/\/panorama-iraklia.com\/it\/wp-json\/wp\/v2\/pages\/1937\/revisions\/2631"}],"wp:attachment":[{"href":"https:\/\/panorama-iraklia.com\/it\/wp-json\/wp\/v2\/media?parent=1937"}],"curies":[{"name":"wp","href":"https:\/\/api.w.org\/{rel}","templated":true}]}}