{"id":1953,"date":"2023-03-24T15:45:51","date_gmt":"2023-03-24T13:45:51","guid":{"rendered":"https:\/\/wp.panorama-iraklia.com\/%ce%b4%cf%81%ce%b1%cf%83%cf%84%ce%b7%cf%81%ce%b9%cf%8c%cf%84%ce%b7%cf%84%ce%b5%cf%82-%ce%b4%ce%b9%ce%b1%cf%83%ce%ba%ce%ad%ce%b4%ce%b1%cf%83%ce%b7\/"},"modified":"2023-07-21T15:50:39","modified_gmt":"2023-07-21T13:50:39","slug":"sightseeing-entertainment","status":"publish","type":"page","link":"https:\/\/panorama-iraklia.com\/it\/sightseeing-entertainment\/","title":{"rendered":"Attivit\u00e0 e intrattenimento"},"content":{"rendered":"<ul>\n<li>\n<p>        <img decoding=\"async\" src=\"\/wp-content\/uploads\/2023\/06\/attractions-2.webp\" alt=\"camere irakli\u00e0\"><\/p>\n<\/li>\n<li>\n<p>        <img decoding=\"async\" src=\"\/wp-content\/uploads\/2023\/06\/attractions-3.webp\" alt=\"camere irakli\u00e0\"><\/p>\n<\/li>\n<li>\n<p>        <img decoding=\"async\" src=\"\/wp-content\/uploads\/2023\/06\/attractions-1.webp\" alt=\"camere irakli\u00e0\"><\/p>\n<\/li>\n<\/ul>\n<h1>Attivit\u00e0 e Intrattenimento<\/h1>\n<div>\n<p>Informazioni utili sulle principali attrazioni, attivit\u00e0 e divertimenti che puoi goderti sull&#8217;isola di Irakli\u00e0!<\/p>\n<\/div>\n<h2>Attrazioni a Irakli\u00e0<\/h2>\n<ul>\n<li>\n<div>\n<p><strong>Grotta di Agios Ioannis<br \/><\/strong>La Grotta di Agios Ioannis \u00e8 una delle pi\u00f9 grandi delle Cicladi. Presenta una ricca e suggestiva decorazione stalattitica che comprende il cosiddetto &#8220;latte di grotta&#8221;, che \u00e8 un raro materiale stalagmitico allo stato acquoso. La grotta si trova in una posizione invidiabile a picco sul mare e dista mezz&#8217;ora di cammino da esso (baia di Vourkaria).<\/p>\n<\/div>\n<\/li>\n<li>\n<div>\n<p><strong>Chiesa di Agios Georgios<br \/><\/strong>La Chiesa di Agios Georgios \u00e8 una classica chiesa delle Cicladi con una bellissima cupola blu che si staglia dal porto di Irakli\u00e0<\/p>\n<\/div>\n<\/li>\n<li>\n<div>\n<p><strong>Castello di Livadi<br \/><\/strong>Il castello di Livadi (323 a.C. &#8211; 316 a.C.) si trova in cima a una collina che si erge dalla spiaggia di Livadi.<\/p>\n<\/div>\n<\/li>\n<li>\n<div>\n<p><strong>Chiesa del Profeta Elia<br \/><\/strong>\u00c8 una chiesa molto piccola situata sopra Panagia. Dalla cappella si pu\u00f2 godere della meravigliosa vista che offre verso il mare.<\/p>\n<\/div>\n<\/li>\n<li>\n<div>\n<p><strong>Agios Athanasios<\/strong><br \/>Il terzo insediamento dell&#8217;isola, dopo quelli di Agios Georgios e Panagia. Oggi le sue poche case sono quasi deserte. Da qui parte un sentiero per Seladi e la Grotta di Agios Ioannis.<\/p>\n<\/div>\n<\/li>\n<li>\n<div>\n<p><strong>Insediamento di Panag\u00eca<\/strong><br \/>La capitale di Irakli\u00e0 e si trova a circa 4 km. a sud di Agios Georgios. \u00c8 un insediamento con poche case e la tipica architettura cicladica situata ai piedi settentrionali di Papa, la vetta pi\u00f9 alta dell&#8217;isola a 420 m. Nel suo centro vedremo l&#8217;imponente chiesa di Isodios.<\/p>\n<\/div>\n<\/li>\n<li>\n<div>\n<p><strong>Monte Papas<\/strong><br \/>La vista dalla cima del Papa (a 420m.) \u00e8 unica! Si pu\u00f2 raggiungere la cima seguendo il sentiero segnalato che parte dal paese di Panagia. Il lato sud di Naxos pu\u00f2 essere visto a nord, il resto delle Piccole Cicladi a NE e Amorgos a SE sullo sfondo e Ios a ovest.<\/p>\n<\/div>\n<\/li>\n<li>\n<div>\n<p><strong>Baia di Merichas<\/strong><br \/>La baia \u00e8 uno dei punti pi\u00f9 impressionanti di Irakli\u00e0, poich\u00e9 \u00e8 costituita da ripide rocce verticali alte circa 100-150 m. che finiscono nel mare e tra di esse si formano delle grotte ma anche due bellissime spiagge con accesso ma solo dal mare.<\/p>\n<\/div>\n<\/li>\n<\/ul>\n<p><!--more--><br \/>\n<!-- {\"type\":\"layout\",\"children\":[{\"name\":\"Image\",\"type\":\"section\",\"props\":{\"height\":\"percent\",\"image_position\":\"center-center\",\"image_size\":\"cover\",\"media\":\"images\\\/demo\\\/demo-image_01.jpg\",\"padding\":\"none\",\"padding_remove_top\":true,\"style\":\"default\",\"title_breakpoint\":\"xl\",\"title_position\":\"top-left\",\"title_rotation\":\"left\",\"vertical_align\":\"middle\",\"width\":\"\"},\"children\":[{\"type\":\"row\",\"children\":[{\"type\":\"column\",\"props\":{\"image_position\":\"center-center\",\"position_sticky_breakpoint\":\"m\",\"width_medium\":\"1-1\"},\"children\":[{\"type\":\"slideshow\",\"props\":{\"link_style\":\"default\",\"link_text\":\"Read more\",\"margin\":\"default\",\"meta_align\":\"below-title\",\"meta_element\":\"div\",\"meta_style\":\"text-meta\",\"nav\":\"dotnav\",\"nav_align\":\"center\",\"nav_breakpoint\":\"s\",\"nav_position\":\"bottom-center\",\"nav_position_margin\":\"medium\",\"overlay_animation\":\"parallax\",\"overlay_position\":\"center-left\",\"show_content\":true,\"show_link\":true,\"show_meta\":true,\"show_thumbnail\":true,\"show_title\":true,\"slidenav\":\"default\",\"slidenav_breakpoint\":\"s\",\"slidenav_margin\":\"medium\",\"slidenav_outside_breakpoint\":\"xl\",\"slideshow_animation\":\"push\",\"slideshow_autoplay\":true,\"slideshow_autoplay_pause\":false,\"slideshow_height\":\"percent\",\"slideshow_min_height\":\"350\",\"thumbnav_height\":\"75\",\"thumbnav_svg_color\":\"emphasis\",\"thumbnav_width\":\"100\",\"title_element\":\"h3\"},\"children\":[{\"type\":\"slideshow_item\",\"props\":{\"image\":\"wp-content\\\/uploads\\\/2023\\\/06\\\/attractions-2.webp\",\"image_alt\":\"camere irakli\\u00e0\"}},{\"type\":\"slideshow_item\",\"props\":{\"image\":\"wp-content\\\/uploads\\\/2023\\\/06\\\/attractions-3.webp\",\"image_alt\":\"camere irakli\\u00e0\"}},{\"type\":\"slideshow_item\",\"props\":{\"image\":\"wp-content\\\/uploads\\\/2023\\\/06\\\/attractions-1.webp\",\"image_alt\":\"camere irakli\\u00e0\"}}]}]}]}]},{\"type\":\"section\",\"props\":{\"animation\":\"fade\",\"animation_delay\":\"240\",\"image_position\":\"center-center\",\"style\":\"default\",\"title_breakpoint\":\"xl\",\"title_position\":\"top-left\",\"title_rotation\":\"left\",\"vertical_align\":\"middle\",\"width\":\"default\"},\"children\":[{\"type\":\"row\",\"children\":[{\"type\":\"column\",\"props\":{\"image_position\":\"center-center\",\"position_sticky_breakpoint\":\"m\"},\"children\":[{\"type\":\"headline\",\"props\":{\"content\":\"Attivit\\u00e0 e Intrattenimento\",\"text_align\":\"center\",\"title_element\":\"h1\"}},{\"type\":\"text\",\"props\":{\"column_breakpoint\":\"m\",\"content\":\"\n\n<p>Informazioni utili sulle principali attrazioni, attivit\\u00e0 e divertimenti che puoi goderti sull'isola di Irakli\\u00e0!<\\\/p>\",\"margin\":\"default\",\"text_align\":\"center\",\"text_style\":\"large\"}}]}]}]},{\"name\":\"\\u0391\\u03be\\u03b9\\u03bf\\u03b8\\u03ad\\u03b1\\u03c4\\u03b1\",\"type\":\"section\",\"props\":{\"animation\":\"fade\",\"animation_delay\":\"240\",\"image_position\":\"center-center\",\"image_size\":\"cover\",\"padding\":\"small\",\"padding_remove_top\":false,\"style\":\"primary\",\"title_breakpoint\":\"xl\",\"title_position\":\"top-left\",\"title_rotation\":\"left\",\"vertical_align\":\"middle\",\"width\":\"default\"},\"children\":[{\"type\":\"row\",\"children\":[{\"type\":\"column\",\"props\":{\"image_position\":\"center-center\",\"position_sticky_breakpoint\":\"m\"},\"children\":[{\"type\":\"headline\",\"props\":{\"content\":\"Attrazioni a Irakli\\u00e0\",\"title_decoration\":\"line\",\"title_element\":\"h2\",\"title_style\":\"h2\"}},{\"type\":\"list\",\"props\":{\"column_breakpoint\":\"m\",\"icon\":\"location\",\"icon_color\":\"primary\",\"image_align\":\"left\",\"image_svg_color\":\"emphasis\",\"image_vertical_align\":true,\"list_element\":\"ul\",\"list_horizontal_separator\":\", \",\"list_size\":\"large\",\"list_style\":\"striped\",\"list_type\":\"vertical\",\"show_image\":true,\"show_link\":true},\"children\":[{\"type\":\"list_item\",\"props\":{\"content\":\"\n\n<p><strong>Grotta di Agios Ioannis<br \\\/><\\\/strong>La Grotta di Agios Ioannis \\u00e8 una delle pi\\u00f9 grandi delle Cicladi. Presenta una ricca e suggestiva decorazione stalattitica che comprende il cosiddetto \\\"latte di grotta\\\", che \\u00e8 un raro materiale stalagmitico allo stato acquoso. La grotta si trova in una posizione invidiabile a picco sul mare e dista mezz'ora di cammino da esso (baia di Vourkaria).<\\\/p>\"}},{\"type\":\"list_item\",\"props\":{\"content\":\"\n\n<p><strong>Chiesa di Agios Georgios<br \\\/><\\\/strong>La Chiesa di Agios Georgios \\u00e8 una classica chiesa delle Cicladi con una bellissima cupola blu che si staglia dal porto di Irakli\\u00e0<\\\/p>\"}},{\"type\":\"list_item\",\"props\":{\"content\":\"\n\n<p><strong>Castello di Livadi<br \\\/><\\\/strong>Il castello di Livadi (323 a.C. - 316 a.C.) si trova in cima a una collina che si erge dalla spiaggia di Livadi.<\\\/p>\"}},{\"type\":\"list_item\",\"props\":{\"content\":\"\n\n<p><strong>Chiesa del Profeta Elia<br \\\/><\\\/strong>\\u00c8 una chiesa molto piccola situata sopra Panagia. Dalla cappella si pu\\u00f2 godere della meravigliosa vista che offre verso il mare.<\\\/p>\"}},{\"type\":\"list_item\",\"props\":{\"content\":\"\n\n<p><strong>Agios Athanasios<\\\/strong><br \\\/>Il terzo insediamento dell'isola, dopo quelli di Agios Georgios e Panagia. Oggi le sue poche case sono quasi deserte. Da qui parte un sentiero per Seladi e la Grotta di Agios Ioannis.<\\\/p>\"}},{\"type\":\"list_item\",\"props\":{\"content\":\"\n\n<p><strong>Insediamento di Panag\\u00eca<\\\/strong><br \\\/>La capitale di Irakli\\u00e0 e si trova a circa 4 km. a sud di Agios Georgios. \\u00c8 un insediamento con poche case e la tipica architettura cicladica situata ai piedi settentrionali di Papa, la vetta pi\\u00f9 alta dell'isola a 420 m. Nel suo centro vedremo l'imponente chiesa di Isodios.<\\\/p>\"}},{\"type\":\"list_item\",\"props\":{\"content\":\"\n\n<p><strong>Monte Papas<\\\/strong><br \\\/>La vista dalla cima del Papa (a 420m.) \\u00e8 unica! Si pu\\u00f2 raggiungere la cima seguendo il sentiero segnalato che parte dal paese di Panagia. Il lato sud di Naxos pu\\u00f2 essere visto a nord, il resto delle Piccole Cicladi a NE e Amorgos a SE sullo sfondo e Ios a ovest.<\\\/p>\"}},{\"type\":\"list_item\",\"props\":{\"content\":\"\n\n<p><strong>Baia di Merichas<\\\/strong><br \\\/>La baia \\u00e8 uno dei punti pi\\u00f9 impressionanti di Irakli\\u00e0, poich\\u00e9 \\u00e8 costituita da ripide rocce verticali alte circa 100-150 m. che finiscono nel mare e tra di esse si formano delle grotte ma anche due bellissime spiagge con accesso ma solo dal mare.<\\\/p>\"}}]}]}]}]},{\"type\":\"section\",\"props\":{\"image_position\":\"center-center\",\"style\":\"default\",\"title_breakpoint\":\"xl\",\"title_position\":\"top-left\",\"title_rotation\":\"left\",\"vertical_align\":\"middle\",\"width\":\"default\"},\"children\":[{\"type\":\"row\",\"children\":[{\"type\":\"column\",\"props\":{\"image_position\":\"center-center\",\"position_sticky_breakpoint\":\"m\"}}]}]},{\"name\":\"\\u0394\\u03c1\\u03b1\\u03c3\\u03c4\\u03b7\\u03c1\\u03b9\\u03cc\\u03c4\\u03b7\\u03c4\\u03b5\\u03c2\",\"type\":\"section\",\"props\":{\"animation\":\"fade\",\"animation_delay\":\"240\",\"image_position\":\"center-center\",\"image_size\":\"cover\",\"padding\":\"small\",\"padding_remove_top\":false,\"status\":\"disabled\",\"style\":\"muted\",\"title_breakpoint\":\"xl\",\"title_position\":\"top-left\",\"title_rotation\":\"left\",\"vertical_align\":\"middle\",\"width\":\"default\"},\"children\":[{\"type\":\"row\",\"children\":[{\"type\":\"column\",\"props\":{\"image_position\":\"center-center\",\"position_sticky_breakpoint\":\"m\"},\"children\":[{\"type\":\"headline\",\"props\":{\"content\":\"\\u0394\\u03c1\\u03b1\\u03c3\\u03c4\\u03b7\\u03c1\\u03b9\\u03cc\\u03c4\\u03b7\\u03c4\\u03b5\\u03c2 \\u03c3\\u03c4\\u03b7\\u03bd \\u0397\\u03c1\\u03b1\\u03ba\\u03bb\\u03b5\\u03b9\\u03ac\",\"title_decoration\":\"line\",\"title_element\":\"h2\",\"title_style\":\"h2\"}},{\"type\":\"grid\",\"props\":{\"content_column_breakpoint\":\"m\",\"filter_align\":\"left\",\"filter_all\":true,\"filter_grid_breakpoint\":\"m\",\"filter_grid_width\":\"auto\",\"filter_position\":\"top\",\"filter_style\":\"tab\",\"grid_default\":\"1\",\"grid_medium\":\"3\",\"grid_small\":\"2\",\"icon_width\":80,\"image_align\":\"top\",\"image_grid_breakpoint\":\"m\",\"image_grid_width\":\"1-2\",\"image_loading\":true,\"image_svg_color\":\"emphasis\",\"item_animation\":true,\"link_style\":\"default\",\"link_text\":\"\",\"margin\":\"default\",\"meta_align\":\"below-title\",\"meta_element\":\"div\",\"meta_margin\":\"small\",\"meta_style\":\"h5\",\"show_content\":true,\"show_image\":true,\"show_link\":true,\"show_meta\":true,\"show_title\":true,\"text_align\":\"center\",\"title_align\":\"top\",\"title_element\":\"div\",\"title_grid_breakpoint\":\"m\",\"title_grid_width\":\"1-2\",\"title_hover_style\":\"reset\",\"title_style\":\"h3\"},\"children\":[{\"type\":\"grid_item\",\"props\":{\"image\":\"wp-content\\\/uploads\\\/2023\\\/05\\\/hiking.webp\",\"meta\":\"\",\"title\":\"\\u03a0\\u03b5\\u03b6\\u03bf\\u03c0\\u03bf\\u03c1\\u03af\\u03b1\"}},{\"type\":\"grid_item\",\"props\":{\"image\":\"wp-content\\\/uploads\\\/2023\\\/05\\\/swimming.webp\",\"meta\":\"\",\"title\":\"\\u039a\\u03bf\\u03bb\\u03cd\\u03bc\\u03b2\\u03b7\\u03c3\\u03b7\"}},{\"type\":\"grid_item\",\"props\":{\"image\":\"wp-content\\\/uploads\\\/2023\\\/05\\\/water-sports.webp\",\"meta\":\"\",\"title\":\"\\u0398\\u03b1\\u03bb\\u03ac\\u03c3\\u03c3\\u03b9\\u03b1 \\u03c3\\u03c0\\u03bf\\u03c1\"}}]}]}]}]},{\"type\":\"section\",\"props\":{\"image_position\":\"center-center\",\"status\":\"disabled\",\"style\":\"default\",\"title_breakpoint\":\"xl\",\"title_position\":\"top-left\",\"title_rotation\":\"left\",\"vertical_align\":\"middle\",\"width\":\"default\"},\"children\":[{\"type\":\"row\",\"children\":[{\"type\":\"column\",\"props\":{\"image_position\":\"center-center\",\"position_sticky_breakpoint\":\"m\"}}]}]},{\"name\":\"\\u0394\\u03b9\\u03b1\\u03c3\\u03ba\\u03ad\\u03b4\\u03b1\\u03c3\\u03b7\",\"type\":\"section\",\"props\":{\"animation\":\"fade\",\"animation_delay\":\"240\",\"image_position\":\"center-center\",\"image_size\":\"cover\",\"padding\":\"small\",\"padding_remove_top\":false,\"status\":\"disabled\",\"style\":\"primary\",\"title_breakpoint\":\"xl\",\"title_position\":\"top-left\",\"title_rotation\":\"left\",\"vertical_align\":\"middle\",\"width\":\"default\"},\"children\":[{\"type\":\"row\",\"children\":[{\"type\":\"column\",\"props\":{\"image_position\":\"center-center\",\"position_sticky_breakpoint\":\"m\"},\"children\":[{\"type\":\"headline\",\"props\":{\"content\":\"\\u0394\\u03b9\\u03b1\\u03c3\\u03ba\\u03ad\\u03b4\\u03b1\\u03c3\\u03b7 \\u03c3\\u03c4\\u03b7\\u03bd \\u0397\\u03c1\\u03b1\\u03ba\\u03bb\\u03b5\\u03b9\\u03ac\",\"title_decoration\":\"line\",\"title_element\":\"h2\",\"title_style\":\"h2\"}},{\"type\":\"grid\",\"props\":{\"content_column_breakpoint\":\"m\",\"filter_align\":\"left\",\"filter_all\":true,\"filter_grid_breakpoint\":\"m\",\"filter_grid_width\":\"auto\",\"filter_position\":\"top\",\"filter_style\":\"tab\",\"grid_default\":\"1\",\"grid_medium\":\"3\",\"grid_small\":\"2\",\"icon_width\":80,\"image_align\":\"top\",\"image_grid_breakpoint\":\"m\",\"image_grid_width\":\"1-2\",\"image_loading\":true,\"image_svg_color\":\"emphasis\",\"item_animation\":true,\"link_style\":\"default\",\"link_text\":\"\",\"margin\":\"default\",\"meta_align\":\"below-title\",\"meta_element\":\"div\",\"meta_margin\":\"small\",\"meta_style\":\"h5\",\"show_content\":true,\"show_image\":true,\"show_link\":true,\"show_meta\":true,\"show_title\":true,\"text_align\":\"center\",\"title_align\":\"top\",\"title_element\":\"div\",\"title_grid_breakpoint\":\"m\",\"title_grid_width\":\"1-2\",\"title_hover_style\":\"reset\",\"title_style\":\"h2\"},\"children\":[{\"type\":\"grid_item\",\"props\":{\"image\":\"wp-content\\\/uploads\\\/2023\\\/05\\\/ypovrixio.webp\",\"meta\":\"All Day \\u03b5\\u03c3\\u03c4\\u03b9\\u03b1\\u03c4\\u03cc\\u03c1\\u03b9\\u03bf\",\"title\":\"\\u03a4\\u03bf \\u03a5\\u03c0\\u03bf\\u03b2\\u03c1\\u03cd\\u03c7\\u03b9\\u03bf\"}},{\"type\":\"grid_item\",\"props\":{\"image\":\"wp-content\\\/uploads\\\/2023\\\/05\\\/ypovrixio.webp\",\"meta\":\"All Day \\u03b5\\u03c3\\u03c4\\u03b9\\u03b1\\u03c4\\u03cc\\u03c1\\u03b9\\u03bf\",\"title\":\"\\u03a4\\u03bf \\u03a5\\u03c0\\u03bf\\u03b2\\u03c1\\u03cd\\u03c7\\u03b9\\u03bf\"}},{\"type\":\"grid_item\",\"props\":{\"image\":\"wp-content\\\/uploads\\\/2023\\\/05\\\/ypovrixio.webp\",\"meta\":\"All Day \\u03b5\\u03c3\\u03c4\\u03b9\\u03b1\\u03c4\\u03cc\\u03c1\\u03b9\\u03bf\",\"title\":\"\\u03a4\\u03bf \\u03a5\\u03c0\\u03bf\\u03b2\\u03c1\\u03cd\\u03c7\\u03b9\\u03bf\"}}]}]}]}]},{\"type\":\"section\",\"props\":{\"image_position\":\"center-center\",\"status\":\"disabled\",\"style\":\"default\",\"title_breakpoint\":\"xl\",\"title_position\":\"top-left\",\"title_rotation\":\"left\",\"vertical_align\":\"middle\",\"width\":\"default\"},\"children\":[{\"type\":\"row\",\"children\":[{\"type\":\"column\",\"props\":{\"image_position\":\"center-center\",\"position_sticky_breakpoint\":\"m\"}}]}]}],\"version\":\"4.0.7\"} --><\/p>\n","protected":false},"excerpt":{"rendered":"<p>Attivit\u00e0 e Intrattenimento Informazioni utili sulle principali attrazioni, attivit\u00e0 e divertimenti che puoi goderti sull&#8217;isola di Irakli\u00e0! Attrazioni a Irakli\u00e0 Grotta di Agios IoannisLa Grotta di Agios Ioannis \u00e8 una delle pi\u00f9 grandi delle Cicladi. Presenta una ricca e suggestiva decorazione stalattitica che comprende il cosiddetto &#8220;latte di grotta&#8221;, che \u00e8 un raro materiale stalagmitico [&hellip;]<\/p>\n","protected":false},"author":1,"featured_media":0,"parent":0,"menu_order":0,"comment_status":"closed","ping_status":"closed","template":"","meta":{"footnotes":""},"class_list":["post-1953","page","type-page","status-publish","hentry"],"aioseo_notices":[],"_links":{"self":[{"href":"https:\/\/panorama-iraklia.com\/it\/wp-json\/wp\/v2\/pages\/1953","targetHints":{"allow":["GET"]}}],"collection":[{"href":"https:\/\/panorama-iraklia.com\/it\/wp-json\/wp\/v2\/pages"}],"about":[{"href":"https:\/\/panorama-iraklia.com\/it\/wp-json\/wp\/v2\/types\/page"}],"author":[{"embeddable":true,"href":"https:\/\/panorama-iraklia.com\/it\/wp-json\/wp\/v2\/users\/1"}],"replies":[{"embeddable":true,"href":"https:\/\/panorama-iraklia.com\/it\/wp-json\/wp\/v2\/comments?post=1953"}],"version-history":[{"count":0,"href":"https:\/\/panorama-iraklia.com\/it\/wp-json\/wp\/v2\/pages\/1953\/revisions"}],"wp:attachment":[{"href":"https:\/\/panorama-iraklia.com\/it\/wp-json\/wp\/v2\/media?parent=1953"}],"curies":[{"name":"wp","href":"https:\/\/api.w.org\/{rel}","templated":true}]}}