{"id":1988,"date":"2023-03-24T15:49:37","date_gmt":"2023-03-24T13:49:37","guid":{"rendered":"https:\/\/wp.panorama-iraklia.com\/reservation-policy\/"},"modified":"2023-07-24T14:03:48","modified_gmt":"2023-07-24T12:03:48","slug":"reservation-policy","status":"publish","type":"page","link":"https:\/\/panorama-iraklia.com\/it\/reservation-policy\/","title":{"rendered":"Politica di prenotazione"},"content":{"rendered":"<h1>Politica di prenotazione<\/h1>\n<h2>Villa Panorama<\/h2>\n<div>La politica di prenotazione per Villa Panorama, leggi le informazioni correlate nella sezione sottostante.<\/div>\n<ul>\n<li>\n<h3>GARANZIA DI PRENOTAZIONI<\/h3>\n<div>Le prenotazioni vengono garantite versando un anticipo fino al 40% del valore totale del soggiorno, il quale non pu\u00f2 essere inferiore dalla tariffa di un giorno effettuando il versamento su Conto Bancario. Qualora l\u2019anticipo non venga versato nell\u2019arco di tempo accordato, la prenotazione viene considerata invalida e le camere sono disponibili per affitto.<\/div>\n<\/li>\n<li>\n<h3>SALDO DELLA QUOTA<\/h3>\n<div>\n<p>Qualora sia stata effettuata la prenotazione mediante il versamento del corrispettivo anticipo, il saldo della somma restante del valore del soggiorno viene estinto al termine del soggiorno.<\/p>\n<p>Politica di cancellazione (qualora non si specifichi diversamente durante la procedura di prenotazione e accordo).<\/p>\n<p>In caso di cancellazione della prenotazione fino a 21 giorni prima della data di arrivo, si ha diritto al rimborso dell\u2019intera somma versata. Se la cancellazione viene effettuata in meno di 21 giorni dalla data di arrivo, il cliente viene addebitato con un risarcimento pari al 50% della tariffa giornaliera della camera, come accordato, per il numero di pernottamenti cancellati (detraendo l\u2019anticipo versato).<\/p>\n<\/div>\n<\/li>\n<li>\n<h3>RISARCIMENTO PER CAMBIO DURATA<\/h3>\n<div>All\u2019arrivo del cliente, viene confermata la data di partenza accordata. I prezzi stabiliti dipendono dalla data della prenotazione e la durata del soggiorno. Se, dunque, si decide di partire prima del previsto, il prezzo \u00e8 soggetto a variazioni se non accordato diversamente. Inoltre, il cliente viene addebitato con una penale per partenza anticipata, pari al 50% del presso giornaliero della camera come accordato per il numero di giorni cancellati.<\/div>\n<\/li>\n<li>\n<h3>RISARCIMENTO PER MANCATA PRESENTAZIONE<\/h3>\n<div>In caso di mancata presentazione con previo versamento dell\u2019anticipo, la camera rimane a disposizione del cliente fino al giorno seguente dell\u2019arrivo programmato e fino all\u2019ora di partenza stabilita dall\u2019albergatore. In caso di mancato arrivo, si ha diritto a un rimborso pari alla met\u00e0 del valore di tutti i giorni restanti (sottraendo l\u2019anticipo versato). Eccezioni: Cause di forza maggiore inconfutabili da dimostrare con prove.<\/div>\n<\/li>\n<li>\n<h3>ORARI CHECK-IN<\/h3>\n<div>\n<p>CHECK-IN<br \/>\nIl check-in inizia alle 15.00.<\/p>\n<p>Il giorno di arrivo viene calcolato come intero riguardo il prezzo di locazione, indipendentemente dall\u2019ora di arrivo.<\/p>\n<\/div>\n<\/li>\n<li>\n<h3>ORARI CHECK-OUT<\/h3>\n<div>\n<p>Il check-out deve essere effettuato entro le 11.00.<\/p>\n<p>Fino alle 11.00 non viene richiesto nessun versamento.<\/p>\n<p>In caso di soggiorno oltre quest\u2019ora e fino alla 18a ora, occorre versare il 50% dell\u2019affitto diario, mente per il soggiorno oltre la 18a ora occorre versare l\u2019intera somma di affitto del suddetto giorno.<\/p>\n<\/div>\n<\/li>\n<li>\n<h3>CAMBIO\/CANCELLAZIONE PRENOTAZIONI DA PARTE DELLA COMPAGNIA<\/h3>\n<div>La compagnia conserva il diritto di cambiare o cancellare le prenotazioni nei casi in cui risulta contenere errori o essere effettuate per sbaglio, nonch\u00e9 quando il cliente compie azioni inappropriate o illegali.<\/div>\n<\/li>\n<li>\n<h3>DANNI<\/h3>\n<div>Ogni danno recato agli ambienti dell\u2019albergo, causato dai clienti, dal loro personale, dai loro ospiti, o da qualsiasi altra persona di cui sono responsabili, grava sugli ospiti dell\u2019albergo (rottura di oggetti di vetro, vasellame, lavandini, danni a mobili, tappeti, vestiti, ecc.)<\/div>\n<\/li>\n<li>\n<h3>RESPONSABILIT\u00c0 PERDITA OGGETTI PERSONALI<\/h3>\n<div>L\u2019albergo \u00e8 esente da ogni responsabilit\u00e0 in caso di danno o perdita di oggetti appartenenti ai clienti, le persone da loro accompagnate, i loro ospiti e il loro personale, nonch\u00e9 in caso ove il danno, la distruzione o la perdita \u00e8 causata da forze maggiori (terremoto, incendio, ecc.) o sotto condizioni estreme.<\/div>\n<\/li>\n<li>\n<h3>IMPOSSIBILIT\u00c0 DI FORNIRE SERVIZI<\/h3>\n<div>Qualora l\u2019albergo sia impossibilitato a disporre delle camere nelle date accordate, a causa di errore meccanico, elettronico o umano, nonch\u00e9 sotto condizioni impreviste, far\u00e0 il meglio al fine di garantire agli ospiti il soggiorno in un albergo corrispondente della zona per i giorni accordati e si far\u00e0 carico del costo della differenza di prezzo (se sussiste) nonch\u00e9 del trasporto degli ospiti al suddetto albergo. Se tutto ci\u00f2 non \u00e8 possibile essere assicurato, l\u2019albergo restituir\u00e0 al cliente il valore del soggiorno come d\u2019accordo.<\/div>\n<\/li>\n<\/ul>\n<p><!--more--><br \/>\n<!-- {\"type\":\"layout\",\"children\":[{\"type\":\"section\",\"props\":{\"image_position\":\"center-center\",\"style\":\"default\",\"title_breakpoint\":\"xl\",\"title_position\":\"top-left\",\"title_rotation\":\"left\",\"vertical_align\":\"middle\",\"width\":\"default\"},\"children\":[{\"type\":\"row\",\"children\":[{\"type\":\"column\",\"props\":{\"image_position\":\"center-center\",\"position_sticky_breakpoint\":\"m\"},\"children\":[{\"type\":\"headline\",\"props\":{\"content\":\"Politica di prenotazione\",\"margin_remove_bottom\":true,\"text_align\":\"center\",\"title_element\":\"h1\"}},{\"type\":\"headline\",\"props\":{\"content\":\"Villa Panorama\",\"margin_remove_bottom\":false,\"margin_remove_top\":true,\"text_align\":\"center\",\"title_color\":\"primary\",\"title_element\":\"h2\",\"title_style\":\"h3\"},\"name\":\"sub\"},{\"type\":\"text\",\"props\":{\"column_breakpoint\":\"m\",\"content\":\"La politica di prenotazione per Villa Panorama, leggi le informazioni correlate nella sezione sottostante.\",\"margin\":\"default\",\"text_align\":\"center\",\"text_style\":\"large\"}}]}]}]},{\"name\":\"Paralies\",\"type\":\"section\",\"props\":{\"image_position\":\"center-center\",\"image_size\":\"cover\",\"padding\":\"small\",\"padding_remove_top\":false,\"style\":\"primary\",\"title_breakpoint\":\"xl\",\"title_position\":\"top-left\",\"title_rotation\":\"left\",\"vertical_align\":\"middle\",\"width\":\"default\"},\"children\":[{\"type\":\"row\",\"props\":{\"column_gap\":\"large\",\"row_gap\":\"large\"},\"children\":[{\"type\":\"column\",\"props\":{\"image_position\":\"center-center\",\"position_sticky_breakpoint\":\"m\"},\"children\":[{\"type\":\"accordion\",\"props\":{\"collapsible\":true,\"content_column_breakpoint\":\"m\",\"image_align\":\"top\",\"image_grid_breakpoint\":\"m\",\"image_grid_width\":\"1-2\",\"image_svg_color\":\"emphasis\",\"link_style\":\"primary\",\"link_text\":\"Read more\",\"show_image\":true,\"show_link\":true},\"children\":[{\"type\":\"accordion_item\",\"props\":{\"content\":\"Le prenotazioni vengono garantite versando un anticipo fino al 40% del valore totale del soggiorno, il quale non pu\\u00f2 essere inferiore dalla tariffa di un giorno effettuando il versamento su Conto Bancario. Qualora l\\u2019anticipo non venga versato nell\\u2019arco di tempo accordato, la prenotazione viene considerata invalida e le camere sono disponibili per affitto.\",\"title\":\"GARANZIA DI PRENOTAZIONI\"}},{\"type\":\"accordion_item\",\"props\":{\"content\":\"\n\n<p>Qualora sia stata effettuata la prenotazione mediante il versamento del corrispettivo anticipo, il saldo della somma restante del valore del soggiorno viene estinto al termine del soggiorno.<\\\/p>\\n\\n\n\n<p>Politica di cancellazione (qualora non si specifichi diversamente durante la procedura di prenotazione e accordo).<\\\/p>\\n\\n\n\n<p>In caso di cancellazione della prenotazione fino a 21 giorni prima della data di arrivo, si ha diritto al rimborso dell\\u2019intera somma versata. Se la cancellazione viene effettuata in meno di 21 giorni dalla data di arrivo, il cliente viene addebitato con un risarcimento pari al 50% della tariffa giornaliera della camera, come accordato, per il numero di pernottamenti cancellati (detraendo l\\u2019anticipo versato).<\\\/p>\",\"title\":\"SALDO DELLA QUOTA\"}},{\"type\":\"accordion_item\",\"props\":{\"content\":\"All\\u2019arrivo del cliente, viene confermata la data di partenza accordata. I prezzi stabiliti dipendono dalla data della prenotazione e la durata del soggiorno. Se, dunque, si decide di partire prima del previsto, il prezzo \\u00e8 soggetto a variazioni se non accordato diversamente. Inoltre, il cliente viene addebitato con una penale per partenza anticipata, pari al 50% del presso giornaliero della camera come accordato per il numero di giorni cancellati.\",\"title\":\"RISARCIMENTO PER CAMBIO DURATA\"}},{\"type\":\"accordion_item\",\"props\":{\"content\":\"In caso di mancata presentazione con previo versamento dell\\u2019anticipo, la camera rimane a disposizione del cliente fino al giorno seguente dell\\u2019arrivo programmato e fino all\\u2019ora di partenza stabilita dall\\u2019albergatore. In caso di mancato arrivo, si ha diritto a un rimborso pari alla met\\u00e0 del valore di tutti i giorni restanti (sottraendo l\\u2019anticipo versato). Eccezioni: Cause di forza maggiore inconfutabili da dimostrare con prove.\",\"title\":\"RISARCIMENTO PER MANCATA PRESENTAZIONE\"}},{\"type\":\"accordion_item\",\"props\":{\"content\":\"\n\n<p>CHECK-IN<br \/>\\nIl check-in inizia alle 15.00.<\\\/p>\\n\\n\n\n<p>Il giorno di arrivo viene calcolato come intero riguardo il prezzo di locazione, indipendentemente dall\\u2019ora di arrivo.<\\\/p>\",\"title\":\"ORARI CHECK-IN\"}},{\"type\":\"accordion_item\",\"props\":{\"content\":\"\n\n<p>Il check-out deve essere effettuato entro le 11.00.<\\\/p>\\n\\n\n\n<p>Fino alle 11.00 non viene richiesto nessun versamento.<\\\/p>\\n\\n\n\n<p>In caso di soggiorno oltre quest\\u2019ora e fino alla 18a ora, occorre versare il 50% dell\\u2019affitto diario, mente per il soggiorno oltre la 18a ora occorre versare l\\u2019intera somma di affitto del suddetto giorno.\\n\\n<\\\/p>\",\"title\":\"ORARI CHECK-OUT\"}},{\"type\":\"accordion_item\",\"props\":{\"content\":\"La compagnia conserva il diritto di cambiare o cancellare le prenotazioni nei casi in cui risulta contenere errori o essere effettuate per sbaglio, nonch\\u00e9 quando il cliente compie azioni inappropriate o illegali.\",\"title\":\"CAMBIO\\\/CANCELLAZIONE PRENOTAZIONI DA PARTE DELLA COMPAGNIA\"}},{\"type\":\"accordion_item\",\"props\":{\"content\":\"Ogni danno recato agli ambienti dell\\u2019albergo, causato dai clienti, dal loro personale, dai loro ospiti, o da qualsiasi altra persona di cui sono responsabili, grava sugli ospiti dell\\u2019albergo (rottura di oggetti di vetro, vasellame, lavandini, danni a mobili, tappeti, vestiti, ecc.)\",\"title\":\"DANNI\"}},{\"type\":\"accordion_item\",\"props\":{\"content\":\"L\\u2019albergo \\u00e8 esente da ogni responsabilit\\u00e0 in caso di danno o perdita di oggetti appartenenti ai clienti, le persone da loro accompagnate, i loro ospiti e il loro personale, nonch\\u00e9 in caso ove il danno, la distruzione o la perdita \\u00e8 causata da forze maggiori (terremoto, incendio, ecc.) o sotto condizioni estreme.\",\"title\":\"RESPONSABILIT\\u00c0 PERDITA OGGETTI PERSONALI\"}},{\"type\":\"accordion_item\",\"props\":{\"content\":\"Qualora l\\u2019albergo sia impossibilitato a disporre delle camere nelle date accordate, a causa di errore meccanico, elettronico o umano, nonch\\u00e9 sotto condizioni impreviste, far\\u00e0 il meglio al fine di garantire agli ospiti il soggiorno in un albergo corrispondente della zona per i giorni accordati e si far\\u00e0 carico del costo della differenza di prezzo (se sussiste) nonch\\u00e9 del trasporto degli ospiti al suddetto albergo. Se tutto ci\\u00f2 non \\u00e8 possibile essere assicurato, l\\u2019albergo restituir\\u00e0 al cliente il valore del soggiorno come d\\u2019accordo.\",\"title\":\"IMPOSSIBILIT\\u00c0 DI FORNIRE SERVIZI\"}}]}]}]}]},{\"type\":\"section\",\"props\":{\"image_position\":\"center-center\",\"style\":\"default\",\"title_breakpoint\":\"xl\",\"title_position\":\"top-left\",\"title_rotation\":\"left\",\"vertical_align\":\"middle\",\"width\":\"default\"},\"children\":[{\"type\":\"row\",\"children\":[{\"type\":\"column\",\"props\":{\"image_position\":\"center-center\",\"position_sticky_breakpoint\":\"m\"}}]}]}],\"version\":\"4.0.7\"} --><\/p>\n","protected":false},"excerpt":{"rendered":"<p>Politica di prenotazione Villa Panorama La politica di prenotazione per Villa Panorama, leggi le informazioni correlate nella sezione sottostante. GARANZIA DI PRENOTAZIONI Le prenotazioni vengono garantite versando un anticipo fino al 40% del valore totale del soggiorno, il quale non pu\u00f2 essere inferiore dalla tariffa di un giorno effettuando il versamento su Conto Bancario. Qualora [&hellip;]<\/p>\n","protected":false},"author":1,"featured_media":0,"parent":0,"menu_order":0,"comment_status":"closed","ping_status":"closed","template":"","meta":{"footnotes":""},"class_list":["post-1988","page","type-page","status-publish","hentry"],"aioseo_notices":[],"_links":{"self":[{"href":"https:\/\/panorama-iraklia.com\/it\/wp-json\/wp\/v2\/pages\/1988","targetHints":{"allow":["GET"]}}],"collection":[{"href":"https:\/\/panorama-iraklia.com\/it\/wp-json\/wp\/v2\/pages"}],"about":[{"href":"https:\/\/panorama-iraklia.com\/it\/wp-json\/wp\/v2\/types\/page"}],"author":[{"embeddable":true,"href":"https:\/\/panorama-iraklia.com\/it\/wp-json\/wp\/v2\/users\/1"}],"replies":[{"embeddable":true,"href":"https:\/\/panorama-iraklia.com\/it\/wp-json\/wp\/v2\/comments?post=1988"}],"version-history":[{"count":1,"href":"https:\/\/panorama-iraklia.com\/it\/wp-json\/wp\/v2\/pages\/1988\/revisions"}],"predecessor-version":[{"id":2570,"href":"https:\/\/panorama-iraklia.com\/it\/wp-json\/wp\/v2\/pages\/1988\/revisions\/2570"}],"wp:attachment":[{"href":"https:\/\/panorama-iraklia.com\/it\/wp-json\/wp\/v2\/media?parent=1988"}],"curies":[{"name":"wp","href":"https:\/\/api.w.org\/{rel}","templated":true}]}}